{"id":992133,"date":"2023-10-04T12:35:24","date_gmt":"2023-10-04T12:35:24","guid":{"rendered":"https:\/\/www.vincentseurope.com\/?page_id=992133"},"modified":"2026-02-10T09:57:15","modified_gmt":"2026-02-10T09:57:15","slug":"contact","status":"publish","type":"page","link":"https:\/\/www.vincentseurope.com\/da\/contact\/","title":{"rendered":"Kontakt"},"content":{"rendered":"<p>[et_pb_section fb_built=&#8221;1&#8243; admin_label=&#8221;Sektion&#8221; _builder_version=&#8221;4.19.4&#8243; _module_preset=&#8221;b9712f12-59d5-4356-a9a1-426adddce25b&#8221; background_color=&#8221;#F9F9F9&#8243; hover_enabled=&#8221;0&#8243; global_colors_info=&#8221;{}&#8221; sticky_enabled=&#8221;0&#8243;][et_pb_row column_structure=&#8221;1_2,1_2&#8243; _builder_version=&#8221;4.22.2&#8243; _module_preset=&#8221;default&#8221; hover_enabled=&#8221;0&#8243; global_colors_info=&#8221;{}&#8221; sticky_enabled=&#8221;0&#8243;][et_pb_column type=&#8221;1_2&#8243; _builder_version=&#8221;4.22.2&#8243; _module_preset=&#8221;default&#8221; hover_enabled=&#8221;0&#8243; global_colors_info=&#8221;{}&#8221; sticky_enabled=&#8221;0&#8243;][et_pb_text disabled_on=&#8221;off|off|off&#8221; admin_label=&#8221;Title&#8221; module_id=&#8221;text-module&#8221; _builder_version=&#8221;4.22.2&#8243; _module_preset=&#8221;79219861-bc18-47ed-b223-eaf2fd366c64&#8243; header_text_color=&#8221;#B81A17&#8243; custom_margin=&#8221;||15px||false|false&#8221; custom_padding=&#8221;||0px||false|false&#8221; hover_enabled=&#8221;0&#8243; global_colors_info=&#8221;{}&#8221; sticky_enabled=&#8221;0&#8243;]<\/p>\n<div id=\"pixiebrix-quickbar-container\"><\/div>\n<p style=\"text-align: left;\"><nav aria-label=\"breadcrumbs\" class=\"rank-math-breadcrumb\"><p><span class=\"last\">Home<\/span><\/p><\/nav><\/p>\n<h1 style=\"text-align: left;\"><strong>Kontakta oss n\u00e4r du vill<\/strong><\/h1>\n<p style=\"text-align: left;\"><b>Med \u00f6ver 20 \u00e5rs<\/b> erfarenhet av f\u00f6rs\u00e4ljning av begagnade fritidsfordon har Vincents Husbil &amp; Husvagn blivit Sveriges ledande f\u00f6rs\u00e4ljare av husbilar och husvagnar. Vi vill vara det sj\u00e4lvklara valet f\u00f6r alla som vill k\u00f6pa en begagnad husbil eller husvagn, oavsett om du bor i Sverige eller annat EU-land.<\/p>\n<div style=\"all: initial;\">\n<div style=\"position: fixed; z-index: 2147483647; inset: 16px; pointer-events: none; font-family: sans-serif;\"><\/div>\n<\/div>\n<p>[\/et_pb_text][et_pb_text disabled_on=&#8221;off|off|off&#8221; _builder_version=&#8221;4.22.2&#8243; _module_preset=&#8221;default&#8221; hover_enabled=&#8221;0&#8243; global_colors_info=&#8221;{}&#8221; sticky_enabled=&#8221;0&#8243;]<\/p>\n<p>Under v\u00e5r l\u00e5nga period som verksamma i branschen har vi exporterat begagnade husbilar och husvagnar till andra EU-l\u00e4nder som Tyskland, Holland och Danmark. Med stor erfarenhet av export \u00e4r vi det sj\u00e4lvklara valet f\u00f6r dig som vill importera en husbil eller husvagn till EU.\u00a0<\/p>\n<p>[\/et_pb_text][\/et_pb_column][et_pb_column type=&#8221;1_2&#8243; _builder_version=&#8221;4.22.2&#8243; _module_preset=&#8221;default&#8221; hover_enabled=&#8221;0&#8243; global_colors_info=&#8221;{}&#8221; sticky_enabled=&#8221;0&#8243;][et_pb_image src=&#8221;https:\/\/www.vincentseurope.com\/wp-content\/uploads\/2023\/10\/Montera_cykelstall_kopa_Vincents_husbil-husvagn-Varberg.jpg&#8221; alt=&#8221;Ann Lindstr\u00f6m visar cykelst\u00e4ll p\u00e5 husbil&#8221; title_text=&#8221;Montera cykelst\u00e4ll hos Vincents&#8221; _builder_version=&#8221;4.21.0&#8243; _module_preset=&#8221;default&#8221; width=&#8221;100%&#8221; width_tablet=&#8221;60%&#8221; width_phone=&#8221;auto&#8221; width_last_edited=&#8221;on|tablet&#8221; module_alignment=&#8221;center&#8221; custom_margin_tablet=&#8221;20px||||false|false&#8221; custom_margin_phone=&#8221;15px||||false|false&#8221; custom_margin_last_edited=&#8221;on|desktop&#8221; hover_enabled=&#8221;0&#8243; module_alignment_tablet=&#8221;center&#8221; module_alignment_phone=&#8221;center&#8221; module_alignment_last_edited=&#8221;on|tablet&#8221; border_radii=&#8221;off|300px|20px|20px|100px&#8221; global_colors_info=&#8221;{}&#8221; sticky_enabled=&#8221;0&#8243; disabled_on=&#8221;off|off|off&#8221;][\/et_pb_image][et_pb_code disabled_on=&#8221;off|off|on&#8221; _builder_version=&#8221;4.22.2&#8243; _module_preset=&#8221;default&#8221; hover_enabled=&#8221;0&#8243; global_colors_info=&#8221;{}&#8221; sticky_enabled=&#8221;0&#8243;]<\/p>\n<div class=\"boxen\"><!-- [et_pb_line_break_holder] -->  <button class=\"knapp\"><!-- [et_pb_line_break_holder] -->    <a href=\"\/motorhomes\/\">Husbilar till salu<\/a><!-- [et_pb_line_break_holder] -->  <\/button><!-- [et_pb_line_break_holder] -->  <button class=\"knapp\"><!-- [et_pb_line_break_holder] -->    <a href=\"\/caravans\/\">Husvagnar till salu <\/a><!-- [et_pb_line_break_holder] -->  <\/button><!-- [et_pb_line_break_holder] --><\/div>\n<p><!-- [et_pb_line_break_holder] --><!-- [et_pb_line_break_holder] --><\/p>\n<style><!-- [et_pb_line_break_holder] -->  .boxen {<!-- [et_pb_line_break_holder] -->    display: flex;<!-- [et_pb_line_break_holder] -->    justify-content: center;<!-- [et_pb_line_break_holder] -->    align-items: center;<!-- [et_pb_line_break_holder] -->    padding-top: 20px;<!-- [et_pb_line_break_holder] -->  }<!-- [et_pb_line_break_holder] -->  .boxen2 {<!-- [et_pb_line_break_holder] -->    display: flex;<!-- [et_pb_line_break_holder] -->    justify-content: ;<!-- [et_pb_line_break_holder] -->    align-items: center;<!-- [et_pb_line_break_holder] -->    padding-top: 0px;<!-- [et_pb_line_break_holder] -->  }<!-- [et_pb_line_break_holder] -->  .knapp {<!-- [et_pb_line_break_holder] -->    color: white;<!-- [et_pb_line_break_holder] -->    background-color: #b81a17;<!-- [et_pb_line_break_holder] -->    text-decoration: none;<!-- [et_pb_line_break_holder] -->    margin: 5px;<!-- [et_pb_line_break_holder] -->    border: none;<!-- [et_pb_line_break_holder] -->    cursor: pointer;<!-- [et_pb_line_break_holder] -->    padding: 10px 16px; \/* L\u00e4gg till padding f\u00f6r att g\u00f6ra knapparna st\u00f6rre *\/<!-- [et_pb_line_break_holder] -->  }<!-- [et_pb_line_break_holder] --><!-- [et_pb_line_break_holder] -->  .knapp a {<!-- [et_pb_line_break_holder] -->    color: white;<!-- [et_pb_line_break_holder] -->    text-decoration: none;<!-- [et_pb_line_break_holder] -->  }<!-- [et_pb_line_break_holder] --><!-- [et_pb_line_break_holder] -->  \/* Media query f\u00f6r mindre sk\u00e4rmar *\/<!-- [et_pb_line_break_holder] -->  @media (max-width: 768px) {<!-- [et_pb_line_break_holder] -->    .knapp {<!-- [et_pb_line_break_holder] -->      padding: 10px 12px; \/* Anpassa padding f\u00f6r mindre knappar *\/<!-- [et_pb_line_break_holder] -->      font-size: 14px; \/* Justera textstorleken f\u00f6r mindre sk\u00e4rmar *\/<!-- [et_pb_line_break_holder] -->    }<!-- [et_pb_line_break_holder] -->  }<!-- [et_pb_line_break_holder] --><\/style>\n<p><!-- [et_pb_line_break_holder] -->[\/et_pb_code][\/et_pb_column][\/et_pb_row][et_pb_row _builder_version=&#8221;4.22.2&#8243; _module_preset=&#8221;default&#8221; column_structure=&#8221;1_2,1_2&#8243;][et_pb_column _builder_version=&#8221;4.22.2&#8243; _module_preset=&#8221;default&#8221; type=&#8221;1_2&#8243;][et_pb_code _builder_version=&#8221;4.22.2&#8243; _module_preset=&#8221;default&#8221; hover_enabled=&#8221;0&#8243; global_colors_info=&#8221;{}&#8221; sticky_enabled=&#8221;0&#8243;]<pee class=\"textfarg\"><!-- [et_pb_line_break_holder] -->  \u00d6ppettider<!-- [et_pb_line_break_holder] --><\/pee><!-- [et_pb_line_break_holder] --><\/p>\n<div class=\"openHours\"><!-- [et_pb_line_break_holder] -->   <\/p>\n<div class=\"hours\"><!-- [et_pb_line_break_holder] -->     <div id=\"openHourUp\" class=\"openHourUp\"><span class=\"currentOpeningHour fs-base\">IDAG&nbsp;<span>Onsdag &nbsp;<\/span><span>10:00 - 18:00 &nbsp;<\/span><\/span><\/div><div id=\"openHourDown\" class=\"openHourDown\"><ul class=\"fullOpeningHoursList\"><li data-index=\"0\"><span>M\u00e5ndag &nbsp;<\/span><span>10:00 - 18:00 &nbsp;<\/span><\/li><li data-index=\"1\"><span>Tisdag &nbsp;<\/span><span>10:00 - 18:00 &nbsp;<\/span><\/li><li data-index=\"2\"><span>Onsdag &nbsp;<\/span><span>10:00 - 18:00 &nbsp;<\/span><\/li><li data-index=\"3\"><span>Torsdag &nbsp;<\/span><span>10:00 - 18:00 &nbsp;<\/span><\/li><li data-index=\"4\"><span>Fredag &nbsp;<\/span><span>10:00 - 17:00 &nbsp;<\/span><\/li><li data-index=\"5\"><span>L\u00f6rdag &nbsp;<\/span><span>10:00 - 14:00 &nbsp;<\/span><\/li><li data-index=\"6\"><span>S\u00f6ndag &nbsp;<\/span><span>St\u00e4ngt<\/span><\/li><\/ul><\/div><script>\n\t\tdocument.addEventListener(\"DOMContentLoaded\", function() {\n            const openHourUps = document.getElementsByClassName(\"openHourUp\");\n            for (let i = 0; i < openHourUps.length; i++) {\n                const currentOpenHourUp = openHourUps[i];\n                const listaItems = currentOpenHourUp.nextElementSibling.querySelectorAll(\".fullOpeningHoursList li\");\n\n                var currentDate = new Date();\n                var currentDay = currentDate.getDay();\n                if (currentDay === 0) {\n                    currentDay = 6;\n                } else {\n                    currentDay -= 1;\n                }\n\n                currentOpenHourUp.querySelector(\".currentOpeningHour\").innerHTML = \"IDAG \" + listaItems[currentDay].textContent;\n                listaItems[currentDay].innerHTML = \"<strong>\" + listaItems[currentDay].innerHTML + \"<\/strong>\";\n            }\n\t\t});\n\t<\/script><\/div>\n<p><!-- [et_pb_line_break_holder] -->   <\/div>\n<p><!-- [et_pb_line_break_holder] --><\/div>\n<p><!-- [et_pb_line_break_holder] --><\/p>\n<style><!-- [et_pb_line_break_holder] -->  .textfarg {<!-- [et_pb_line_break_holder] -->    color: #b81a17;<!-- [et_pb_line_break_holder] -->    font-weight: bold;<!-- [et_pb_line_break_holder] -->  }<!-- [et_pb_line_break_holder] --><\/style>\n<p>[\/et_pb_code][\/et_pb_column][et_pb_column _builder_version=&#8221;4.22.2&#8243; _module_preset=&#8221;default&#8221; type=&#8221;1_2&#8243;][\/et_pb_column][\/et_pb_row][\/et_pb_section][et_pb_section fb_built=&#8221;1&#8243; _builder_version=&#8221;4.19.4&#8243; _module_preset=&#8221;b9712f12-59d5-4356-a9a1-426adddce25b&#8221; custom_padding=&#8221;0px||||false|false&#8221; hover_enabled=&#8221;0&#8243; global_colors_info=&#8221;{}&#8221; sticky_enabled=&#8221;0&#8243;][et_pb_row column_structure=&#8221;1_2,1_2&#8243; _builder_version=&#8221;4.19.4&#8243; _module_preset=&#8221;3ce19134-8eff-4cb0-81f2-8c9b45a0879c&#8221; global_colors_info=&#8221;{}&#8221;][et_pb_column type=&#8221;1_2&#8243; _builder_version=&#8221;4.19.4&#8243; _module_preset=&#8221;default&#8221; global_colors_info=&#8221;{}&#8221;][et_pb_blurb title=&#8221;Kontakta Vincents i Varberg&#8221; use_icon=&#8221;on&#8221; font_icon=&#8221;&#xe081;||divi||400&#8243; icon_color=&#8221;#B81A17&#8243; image_icon_width=&#8221;50px&#8221; _builder_version=&#8221;4.22.2&#8243; _dynamic_attributes=&#8221;link_option_url&#8221; _module_preset=&#8221;default&#8221; header_font=&#8221;|700|||||||&#8221; background_color=&#8221;#FFFFFF&#8221; text_orientation=&#8221;center&#8221; max_width_tablet=&#8221;&#8221; max_width_phone=&#8221;&#8221; max_width_last_edited=&#8221;on|tablet&#8221; custom_margin=&#8221;-30px|50px|||false|false&#8221; custom_margin_tablet=&#8221;0px|50px||50px|false|false&#8221; custom_margin_phone=&#8221;-25px|15px||15px|false|false&#8221; custom_margin_last_edited=&#8221;on|tablet&#8221; custom_padding=&#8221;25px|25px|25px|25px|false|false&#8221; custom_padding_tablet=&#8221;25px|25px|25px|25px|false|false&#8221; custom_padding_phone=&#8221;25px|25px|25px|25px|false|false&#8221; custom_padding_last_edited=&#8221;on|phone&#8221; link_option_url=&#8221;@ET-DC@eyJkeW5hbWljIjp0cnVlLCJjb250ZW50IjoicG9zdF9saW5rX3VybF9wYWdlIiwic2V0dGluZ3MiOnsicG9zdF9pZCI6Ijk5MjE0MSJ9fQ==@&#8221; hover_enabled=&#8221;0&#8243; border_radii=&#8221;on|10px|10px|10px|10px&#8221; box_shadow_style=&#8221;preset1&#8243; global_colors_info=&#8221;{}&#8221; background__hover_enabled=&#8221;on|hover&#8221; background_color__hover=&#8221;#F9F9F9&#8243; background_enable_color__hover=&#8221;on&#8221; sticky_enabled=&#8221;0&#8243;]<\/p>\n<p style=\"text-align: center;\">Beh\u00f6ver du komma i kontakt med Vincents i Varberg? Vi finns h\u00e4r f\u00f6r er i v\u00e5rt och torrt!<\/p>\n<p style=\"text-align: center;\">[\/et_pb_blurb][\/et_pb_column][et_pb_column type=&#8221;1_2&#8243; _builder_version=&#8221;4.19.4&#8243; _module_preset=&#8221;default&#8221; global_colors_info=&#8221;{}&#8221;][et_pb_blurb title=&#8221;Kontakta Vincents i Kalmar-\u00c5lem&#8221; use_icon=&#8221;on&#8221; font_icon=&#8221;&#xe081;||divi||400&#8243; icon_color=&#8221;#B81A17&#8243; image_icon_width=&#8221;50px&#8221; _builder_version=&#8221;4.22.2&#8243; _dynamic_attributes=&#8221;link_option_url&#8221; _module_preset=&#8221;default&#8221; header_font=&#8221;|700|||||||&#8221; background_color=&#8221;#FFFFFF&#8221; text_orientation=&#8221;center&#8221; max_width_tablet=&#8221;&#8221; max_width_phone=&#8221;&#8221; max_width_last_edited=&#8221;on|tablet&#8221; custom_margin=&#8221;-30px|||50px|false|false&#8221; custom_margin_tablet=&#8221;50px|50px||50px|false|false&#8221; custom_margin_phone=&#8221;0px|15px||15px|false|false&#8221; custom_margin_last_edited=&#8221;on|tablet&#8221; custom_padding=&#8221;25px|25px|49px|25px|false|false&#8221; custom_padding_tablet=&#8221;25px|25px|25px|25px|false|false&#8221; custom_padding_phone=&#8221;25px|25px|25px|25px|false|false&#8221; custom_padding_last_edited=&#8221;on|phone&#8221; link_option_url=&#8221;@ET-DC@eyJkeW5hbWljIjp0cnVlLCJjb250ZW50IjoicG9zdF9saW5rX3VybF9wYWdlIiwic2V0dGluZ3MiOnsicG9zdF9pZCI6Ijk5MjE0NyJ9fQ==@&#8221; hover_enabled=&#8221;0&#8243; border_radii=&#8221;on|10px|10px|10px|10px&#8221; box_shadow_style=&#8221;preset1&#8243; global_colors_info=&#8221;{}&#8221; background__hover_enabled=&#8221;on|hover&#8221; background_color__hover=&#8221;#F9F9F9&#8243; background_enable_color__hover=&#8221;on&#8221; sticky_enabled=&#8221;0&#8243;]<\/p>\n<p style=\"text-align: center;\">Beh\u00f6ver du komma i kontakt med Vincents i Kalmar-\u00c5lem? Vi finns h\u00e4r f\u00f6r er!<\/p>\n<p style=\"text-align: center;\">[\/et_pb_blurb][\/et_pb_column][\/et_pb_row][et_pb_row column_structure=&#8221;1_2,1_2&#8243; _builder_version=&#8221;4.22.2&#8243; _module_preset=&#8221;default&#8221; width=&#8221;90%&#8221; custom_margin=&#8221;50px||||false|false&#8221; custom_margin_tablet=&#8221;25px||||false|false&#8221; custom_margin_phone=&#8221;25px|10px||10px|false|false&#8221; custom_margin_last_edited=&#8221;on|phone&#8221; custom_padding=&#8221;||||false|false&#8221; global_colors_info=&#8221;{}&#8221;][et_pb_column type=&#8221;1_2&#8243; _builder_version=&#8221;4.22.2&#8243; _module_preset=&#8221;default&#8221; background_color=&#8221;#F9F9F9&#8243; custom_padding=&#8221;50px|50px|50px|50px|false|false&#8221; custom_padding_tablet=&#8221;50px|50px|50px|50px|false|false&#8221; custom_padding_phone=&#8221;25px|15px|25px|15px|false|false&#8221; custom_padding_last_edited=&#8221;on|phone&#8221; border_radii=&#8221;on|20px|20px|20px|20px&#8221; global_colors_info=&#8221;{}&#8221;][et_pb_text _builder_version=&#8221;4.22.2&#8243; _module_preset=&#8221;default&#8221; width_tablet=&#8221;&#8221; width_phone=&#8221;&#8221; width_last_edited=&#8221;on|desktop&#8221; custom_padding=&#8221;0px|0px|0px|0px|false|false&#8221; hover_enabled=&#8221;0&#8243; global_colors_info=&#8221;{}&#8221; sticky_enabled=&#8221;0&#8243;]<\/p>\n<h2><strong>L\u00e4s om Vincents historia<\/strong><\/h2>\n<p><span>Vincents Husbil &amp; Husvagn har sin grund i den kanadensiska entrepren\u00f6ren Vincent Schafflers passion f\u00f6r motorcyklar och drivet att starta sitt eget f\u00f6retag redan som tio\u00e5ring i hemstaden Edmonton i Kanada. Efter att ha studerat ekonomi och aff\u00e4rsjuridik vid universitetet erbj\u00f6ds han en m\u00f6jlighet som utbytesstudent i Sverige, vilket ledde till att han m\u00f6tte sin blivande fru och skapade en stark koppling till det nordiska landet.<\/span><\/p>\n<p>[\/et_pb_text][et_pb_code _builder_version=&#8221;4.22.2&#8243; _module_preset=&#8221;default&#8221; hover_enabled=&#8221;0&#8243; global_colors_info=&#8221;{}&#8221; sticky_enabled=&#8221;0&#8243;]<!-- [et_pb_line_break_holder] -->  <button class=\"knapp\"><!-- [et_pb_line_break_holder] -->    <a href=\"\/vincents-story\/\">L\u00e4s mer om Vincents Historia <\/a><!-- [et_pb_line_break_holder] -->  <\/button><!-- [et_pb_line_break_holder] -->[\/et_pb_code][\/et_pb_column][et_pb_column type=&#8221;1_2&#8243; _builder_version=&#8221;4.22.2&#8243; _module_preset=&#8221;default&#8221; global_colors_info=&#8221;{}&#8221;][et_pb_image src=&#8221;https:\/\/www.vincentseurope.com\/wp-content\/uploads\/2023\/10\/Vincent-forklarar-mobile.webp&#8221; alt=&#8221;Vincent Schaffler p\u00e5 Vincents i Varberg&#8221; title_text=&#8221;Vincent-forklarar-mobile&#8221; _builder_version=&#8221;4.22.2&#8243; _module_preset=&#8221;default&#8221; width=&#8221;100%&#8221; width_tablet=&#8221;60%&#8221; width_phone=&#8221;auto&#8221; width_last_edited=&#8221;on|tablet&#8221; module_alignment=&#8221;center&#8221; custom_margin_tablet=&#8221;20px||||false|false&#8221; custom_margin_phone=&#8221;15px||||false|false&#8221; custom_margin_last_edited=&#8221;on|desktop&#8221; module_alignment_tablet=&#8221;center&#8221; module_alignment_phone=&#8221;center&#8221; module_alignment_last_edited=&#8221;on|tablet&#8221; border_radii=&#8221;off|300px|20px|20px|100px&#8221; global_colors_info=&#8221;{}&#8221;][\/et_pb_image][\/et_pb_column][\/et_pb_row][\/et_pb_section]<\/p>\n","protected":false},"excerpt":{"rendered":"<p><nav aria-label=\"breadcrumbs\" class=\"rank-math-breadcrumb\"><p><span class=\"last\">Home<\/span><\/p><\/nav> Kontakta oss n\u00e4r du vill Med \u00f6ver 20 \u00e5rs erfarenhet av f\u00f6rs\u00e4ljning av begagnade fritidsfordon har Vincents Husbil &amp; Husvagn blivit Sveriges ledande f\u00f6rs\u00e4ljare av husbilar och husvagnar. Vi vill vara det sj\u00e4lvklara valet f\u00f6r alla som vill k\u00f6pa en begagnad husbil eller husvagn, oavsett om du bor i Sverige eller annat EU-land. Under [&hellip;]<\/p>\n","protected":false},"author":1,"featured_media":992118,"parent":0,"menu_order":0,"comment_status":"closed","ping_status":"closed","template":"","meta":{"_et_pb_use_builder":"on","_et_pb_old_content":"","_et_gb_content_width":"","inline_featured_image":false,"footnotes":""},"class_list":["post-992133","page","type-page","status-publish","has-post-thumbnail","hentry"],"acf":[],"_links":{"self":[{"href":"https:\/\/www.vincentseurope.com\/da\/wp-json\/wp\/v2\/pages\/992133","targetHints":{"allow":["GET"]}}],"collection":[{"href":"https:\/\/www.vincentseurope.com\/da\/wp-json\/wp\/v2\/pages"}],"about":[{"href":"https:\/\/www.vincentseurope.com\/da\/wp-json\/wp\/v2\/types\/page"}],"author":[{"embeddable":true,"href":"https:\/\/www.vincentseurope.com\/da\/wp-json\/wp\/v2\/users\/1"}],"replies":[{"embeddable":true,"href":"https:\/\/www.vincentseurope.com\/da\/wp-json\/wp\/v2\/comments?post=992133"}],"version-history":[{"count":33,"href":"https:\/\/www.vincentseurope.com\/da\/wp-json\/wp\/v2\/pages\/992133\/revisions"}],"predecessor-version":[{"id":1040499,"href":"https:\/\/www.vincentseurope.com\/da\/wp-json\/wp\/v2\/pages\/992133\/revisions\/1040499"}],"wp:featuredmedia":[{"embeddable":true,"href":"https:\/\/www.vincentseurope.com\/da\/wp-json\/wp\/v2\/media\/992118"}],"wp:attachment":[{"href":"https:\/\/www.vincentseurope.com\/da\/wp-json\/wp\/v2\/media?parent=992133"}],"curies":[{"name":"wp","href":"https:\/\/api.w.org\/{rel}","templated":true}]}}