{"id":999134,"date":"2023-11-16T15:16:42","date_gmt":"2023-11-16T15:16:42","guid":{"rendered":"https:\/\/www.vincentseurope.com\/?page_id=999134"},"modified":"2023-11-16T15:17:43","modified_gmt":"2023-11-16T15:17:43","slug":"vincents-story","status":"publish","type":"page","link":"https:\/\/www.vincentseurope.com\/de\/vincents-story\/","title":{"rendered":"Vincents Geschichte"},"content":{"rendered":"<p>[et_pb_section fb_built=&#8221;1&#8243; admin_label=&#8221;Sektion&#8221; _builder_version=&#8221;4.22.2&#8243; _module_preset=&#8221;b9712f12-59d5-4356-a9a1-426adddce25b&#8221; background_color=&#8221;#F9F9F9&#8243; background_enable_color=&#8221;on&#8221; global_colors_info=&#8221;{}&#8221;][et_pb_row column_structure=&#8221;1_2,1_2&#8243; _builder_version=&#8221;4.22.2&#8243; _module_preset=&#8221;default&#8221; global_colors_info=&#8221;{}&#8221;][et_pb_column type=&#8221;1_2&#8243; _builder_version=&#8221;4.22.2&#8243; _module_preset=&#8221;default&#8221; global_colors_info=&#8221;{}&#8221;][et_pb_text admin_label=&#8221;Title&#8221; module_id=&#8221;text-module&#8221; _builder_version=&#8221;4.22.2&#8243; _module_preset=&#8221;79219861-bc18-47ed-b223-eaf2fd366c64&#8243; header_text_color=&#8221;#B81A17&#8243; custom_margin=&#8221;||15px||false|false&#8221; custom_padding=&#8221;||0px||false|false&#8221; global_colors_info=&#8221;{}&#8221;]<\/p>\n<div id=\"pixiebrix-quickbar-container\"><\/div>\n<p style=\"text-align: left;\"><nav aria-label=\"breadcrumbs\" class=\"rank-math-breadcrumb\"><p><span class=\"last\">Home<\/span><\/p><\/nav><\/p>\n<h1 style=\"text-align: left;\"><strong>V\u00e5r historia<\/strong><\/h1>\n<p style=\"text-align: left;\"><span><strong>Vincents Husbil &amp; Husvagn<\/strong> startade tack vare Vincent Schafflers k\u00e4rlek f\u00f6r motorcyklar och entrepren\u00f6rskap. Redan som tio\u00e5ring b\u00f6rjade han sitt f\u00f6retagande genom att anv\u00e4nda en h\u00f6gtryckstv\u00e4tt f\u00f6r att reng\u00f6ra bussh\u00e5llplatser i hemstaden Edmonton, Kanada. Under nittiotalet erbj\u00f6ds han m\u00f6jligheten att studera ekonomi och aff\u00e4rsjuridik som utbytesstudent i Sverige, d\u00e4r han tr\u00e4ffade sin blivande fru.<\/span><\/p>\n<div style=\"all: initial;\">\n<div style=\"position: fixed; z-index: 2147483647; inset: 16px; pointer-events: none; font-family: sans-serif;\"><\/div>\n<\/div>\n<p>[\/et_pb_text][\/et_pb_column][et_pb_column type=&#8221;1_2&#8243; _builder_version=&#8221;4.22.2&#8243; _module_preset=&#8221;default&#8221; global_colors_info=&#8221;{}&#8221;][et_pb_image src=&#8221;https:\/\/www.vincentseurope.com\/wp-content\/uploads\/2023\/10\/Vincent-forklarar-mobile.webp&#8221; alt=&#8221;Vincent Schaffler p\u00e5 Vincents i Varberg&#8221; title_text=&#8221;Vincent-forklarar-mobile&#8221; _builder_version=&#8221;4.22.2&#8243; _module_preset=&#8221;default&#8221; width=&#8221;100%&#8221; width_tablet=&#8221;60%&#8221; width_phone=&#8221;auto&#8221; width_last_edited=&#8221;on|tablet&#8221; module_alignment=&#8221;center&#8221; custom_margin_tablet=&#8221;20px||||false|false&#8221; custom_margin_phone=&#8221;0px||||false|false&#8221; custom_margin_last_edited=&#8221;on|desktop&#8221; module_alignment_tablet=&#8221;center&#8221; module_alignment_phone=&#8221;center&#8221; module_alignment_last_edited=&#8221;on|tablet&#8221; border_radii=&#8221;off|300px|20px|20px|100px&#8221; global_colors_info=&#8221;{}&#8221;][\/et_pb_image][\/et_pb_column][\/et_pb_row][\/et_pb_section][et_pb_section fb_built=&#8221;1&#8243; _builder_version=&#8221;4.22.2&#8243; _module_preset=&#8221;default&#8221; hover_enabled=&#8221;0&#8243; global_colors_info=&#8221;{}&#8221; custom_padding=&#8221;25px||||false|false&#8221; custom_padding_last_edited=&#8221;on|desktop&#8221; sticky_enabled=&#8221;0&#8243; custom_padding_phone=&#8221;15px||||false|false&#8221; custom_padding_tablet=&#8221;25px||||false|false&#8221;][et_pb_row _builder_version=&#8221;4.22.2&#8243; _module_preset=&#8221;default&#8221; global_colors_info=&#8221;{}&#8221;][et_pb_column type=&#8221;4_4&#8243; _builder_version=&#8221;4.22.2&#8243; _module_preset=&#8221;default&#8221; global_colors_info=&#8221;{}&#8221;][et_pb_text _builder_version=&#8221;4.22.2&#8243; _module_preset=&#8221;default&#8221; header_text_color=&#8221;#B81A17&#8243; header_2_text_color=&#8221;#B81A17&#8243; global_colors_info=&#8221;{}&#8221;]<\/p>\n<h2 style=\"text-align: center;\"><strong>The Vincents Story<\/strong><\/h2>\n<p style=\"text-align: center;\"><strong>Vincents Husbil &amp; Husvagn b\u00f6rjade med en kanadensares passion f\u00f6r motorcyklar och entrepren\u00f6rskap<\/strong><\/p>\n<p>[\/et_pb_text][et_pb_text _builder_version=&#8221;4.22.2&#8243; _module_preset=&#8221;default&#8221; global_colors_info=&#8221;{}&#8221;]<\/p>\n<p><b>Redan som tio\u00e5ring<\/b><span>\u00a0<\/span><b>startade<\/b><span>\u00a0kanadensaren Vincent Schaffler sitt f\u00f6retagande, genom att k\u00f6pa en h\u00f6gtryckstv\u00e4tt som han gjorde rent bussh\u00e5llplatser med, i hemstaden Edmonton i Kanada. N\u00e4r han p\u00e5 nittiotalet l\u00e4ste ekonomi och aff\u00e4rsjuridik vid universitetet, erbj\u00f6ds han plats som utbytesstudent i det ok\u00e4nda landet Sverige, d\u00e4r han m\u00f6tte sin blivande fru.<\/span><\/p>\n<p>[\/et_pb_text][et_pb_text _builder_version=&#8221;4.22.2&#8243; _module_preset=&#8221;default&#8221; global_colors_info=&#8221;{}&#8221;]<\/p>\n<p><b>Snart slog han samman<\/b><span>\u00a0<\/span><span>sina tv\u00e5 st\u00f6rsta intressen; motorcyklar och entrepren\u00f6rskap, och grundade 2000<i>\u00a0Vincents BikeShop<\/i>\u00a0i nya hemstaden Varberg. Konceptet grundades med att importera v\u00e4lsk\u00f6tta, begagnade motorcyklar fr\u00e5n Tyskland. Verksamheten vann snabbt kundernas f\u00f6rtroende, och snart \u00e4ven med fordonsf\u00f6rmedling \u00e5t mc-\u00e4gare, som ville ha hj\u00e4lp med att s\u00e4lja sin fordon.<\/span><\/p>\n<p>[\/et_pb_text][et_pb_text _builder_version=&#8221;4.22.2&#8243; _module_preset=&#8221;default&#8221; global_colors_info=&#8221;{}&#8221;]<\/p>\n<p><b>Med \u00e5ren utvecklades<span>\u00a0<\/span><\/b><span>just fordonsf\u00f6rmedling med trygghet och smidighet i fokus. 2014 \u00f6ppnades en avdelning f\u00f6r husbilar. \u00c5ret d\u00e4refter byggdes den nya moderna anl\u00e4ggningen p\u00e5 Gunnestorpsv\u00e4gen, intill E6:an (avfart 55; Varberg Nord) \u2013 ett l\u00e4ge som \u00e4r l\u00e4tt att hitta till och v\u00e4l synligt f\u00f6r de 30.000 fordon som passerar dagligen. 2016 tog Vincent Schaffler beslutet att s\u00e4lja avdelningen f\u00f6r motorcyklarna och ist\u00e4llet fokusera helt p\u00e5 fordonsf\u00f6rmedling av husbilar och husvagnar.<\/span><\/p>\n<p>[\/et_pb_text][et_pb_text _builder_version=&#8221;4.22.2&#8243; _module_preset=&#8221;default&#8221; global_colors_info=&#8221;{}&#8221;]<\/p>\n<h3><strong>Aff\u00e4rsid\u00e9n<\/strong><\/h3>\n<p><span>Vincents Husbil &amp; Husvagn \u00e4r och vill forts\u00e4tta att vara Sveriges ledande f\u00f6rmedlare, marknadens tryggaste och mest innovativa \u2013 digitalt, processor och i teamet!<\/span><br \/><span>Vi vill bli Sveriges mest v\u00e4lm\u00e5ende f\u00f6retag och en attraktiv arbetsgivare.<\/span><\/p>\n<p>[\/et_pb_text][et_pb_text _builder_version=&#8221;4.22.2&#8243; _module_preset=&#8221;default&#8221; global_colors_info=&#8221;{}&#8221;]<\/p>\n<p><strong>G\u00f6r r\u00e4tt hela v\u00e4gen<\/strong><\/p>\n<p><span>Ambitionen f\u00f6r Vincents \u00e4r att vara\u00a0<\/span>Sveriges ledande f\u00f6rmedlare av husbilar och husvagnar<span>\u00a0och det sj\u00e4lvklara valet f\u00f6r varje person som vill s\u00e4lja eller k\u00f6pa en begagnad husbil\/husvagn. Vincents str\u00e4var efter att inte bara uppfylla v\u00e5ra kunders f\u00f6rv\u00e4ntningar utan \u00e4ven \u00f6vertr\u00e4ffa dem.<\/span><\/p>\n<p>[\/et_pb_text][et_pb_text _builder_version=&#8221;4.22.2&#8243; _module_preset=&#8221;default&#8221; global_colors_info=&#8221;{}&#8221;]<\/p>\n<p><span>I f\u00f6rmedlingsuppdrag \u00e4r Vincents l\u00e4nken mellan k\u00f6pare och s\u00e4ljare av campingfordon, vi \u00e4r opartiska, uppriktiga och har stor kompetens f\u00f6r det vi g\u00f6r. B\u00e5de k\u00f6pare och s\u00e4ljare ska kunna k\u00e4nna sig trygga n\u00e4r de g\u00f6r aff\u00e4r med Vincents. Vincents arbetar utefter f\u00f6ljande v\u00e4rdeord:<\/span><\/p>\n<p>[\/et_pb_text][\/et_pb_column][\/et_pb_row][et_pb_row column_structure=&#8221;1_3,1_3,1_3&#8243; _builder_version=&#8221;4.22.2&#8243; _module_preset=&#8221;default&#8221; custom_padding=&#8221;30px||||false|false&#8221; global_colors_info=&#8221;{}&#8221;][et_pb_column type=&#8221;1_3&#8243; _builder_version=&#8221;4.22.2&#8243; _module_preset=&#8221;default&#8221; global_colors_info=&#8221;{}&#8221;][et_pb_text _builder_version=&#8221;4.22.2&#8243; _module_preset=&#8221;default&#8221; global_colors_info=&#8221;{}&#8221;]<\/p>\n<h4><strong>Ordning och reda<\/strong><\/h4>\n<p><span>Vincents f\u00f6ljer en strukturerad och genomt\u00e4nkt plan i allt ifr\u00e5n f\u00f6rsta kundkontakten till avslut och uppf\u00f6ljningen av aff\u00e4ren. Vi arbetar lugnt, tryggt och med fokus p\u00e5 \u00f6ppenhet och dialog \u2013 och med LEAN i alla processer.<\/span><\/p>\n<p>[\/et_pb_text][\/et_pb_column][et_pb_column type=&#8221;1_3&#8243; _builder_version=&#8221;4.22.2&#8243; _module_preset=&#8221;default&#8221; global_colors_info=&#8221;{}&#8221;][et_pb_text _builder_version=&#8221;4.22.2&#8243; _module_preset=&#8221;default&#8221; global_colors_info=&#8221;{}&#8221;]<\/p>\n<h4><strong>Trygghet<\/strong><\/h4>\n<p><span>F\u00f6r Vincents \u00e4r kundens trygghet otroligt viktig. Tryggheten ligger i transparensen och informationen, det korrekta och v\u00e4nliga bem\u00f6tandet, omtanken och det omfattande \u201dtrygghetspaketet\u201d i form av garantier, f\u00f6rs\u00e4kringar, inspektion och prisinformation.<\/span><\/p>\n<p>[\/et_pb_text][\/et_pb_column][et_pb_column type=&#8221;1_3&#8243; _builder_version=&#8221;4.22.2&#8243; _module_preset=&#8221;default&#8221; global_colors_info=&#8221;{}&#8221;][et_pb_text _builder_version=&#8221;4.22.2&#8243; _module_preset=&#8221;default&#8221; global_colors_info=&#8221;{}&#8221;]<\/p>\n<h4><strong>F\u00f6rtroende<\/strong><\/h4>\n<p><span>F\u00f6rtroendet \u00e4r ingenting man k\u00f6per, det f\u00f6rtj\u00e4nar man genom h\u00e5rt arbete under l\u00e5ng tid. Positiva omd\u00f6men fr\u00e5n n\u00f6jda kunder, att alltid g\u00e5 den extra milen, det extra telefonsamtalet och mejlet som bekr\u00e4ftar att allt har fungerat klanderfritt \u2013 de sm\u00e5 detaljerna som g\u00f6r skillnad!<\/span><\/p>\n<p>[\/et_pb_text][\/et_pb_column][\/et_pb_row][et_pb_row column_structure=&#8221;1_3,1_3,1_3&#8243; _builder_version=&#8221;4.22.2&#8243; _module_preset=&#8221;default&#8221; custom_padding=&#8221;30px||||false|false&#8221; global_colors_info=&#8221;{}&#8221;][et_pb_column type=&#8221;1_3&#8243; _builder_version=&#8221;4.22.2&#8243; _module_preset=&#8221;default&#8221; global_colors_info=&#8221;{}&#8221;][et_pb_text _builder_version=&#8221;4.22.2&#8243; _module_preset=&#8221;default&#8221; global_colors_info=&#8221;{}&#8221;]<\/p>\n<h4><strong>Kompetens<\/strong><\/h4>\n<p><span>Kunskapen handlar om att veta vad som g\u00e4ller i varje enskilt fall. Att v\u00e5ga vara \u00e4rlig och p\u00e5tala n\u00e4r saker inte st\u00e5r r\u00e4tt till, att st\u00e5 p\u00e5 kundens sida och visa en uppriktig vilja att g\u00f6ra det b\u00e4sta f\u00f6r att aff\u00e4ren ska g\u00e5 i l\u00e5s med n\u00f6jda parter p\u00e5 b\u00e5da sidorna.<\/span><\/p>\n<p>[\/et_pb_text][\/et_pb_column][et_pb_column type=&#8221;1_3&#8243; _builder_version=&#8221;4.22.2&#8243; _module_preset=&#8221;default&#8221; global_colors_info=&#8221;{}&#8221;][et_pb_text _builder_version=&#8221;4.22.2&#8243; _module_preset=&#8221;default&#8221; global_colors_info=&#8221;{}&#8221;]<\/p>\n<h4><strong>Enkelt<\/strong><\/h4>\n<p><span>Vincents aff\u00e4rer genomsyras alltid av ett positiv tonl\u00e4ge och en allt-g\u00e5r-att-l\u00f6sa-attityd. Vincents \u00e4r ett servicef\u00f6retag, som f\u00f6rmedlar fordon mot provision. Framg\u00e5ngen beror p\u00e5 att vi ombes\u00f6rjer v\u00e5ra kunders intressen och g\u00f6r det m\u00f6jligt att genomf\u00f6ra smidig f\u00f6rs\u00e4ljning och trygga k\u00f6p.<\/span><\/p>\n<p>[\/et_pb_text][\/et_pb_column][et_pb_column type=&#8221;1_3&#8243; _builder_version=&#8221;4.22.2&#8243; _module_preset=&#8221;default&#8221; global_colors_info=&#8221;{}&#8221;][et_pb_text _builder_version=&#8221;4.22.2&#8243; _module_preset=&#8221;default&#8221; global_colors_info=&#8221;{}&#8221;]<\/p>\n<h4><strong>Gl\u00e4dje<\/strong><\/h4>\n<p><span>V\u00e5r st\u00f6rsta framg\u00e5ngsfaktor \u00e4r v\u00e5ra medarbetare.\u00a0 \u00c4r de n\u00f6jda bli kunderna n\u00f6jda. Vi jobbar alla mot ett och samma m\u00e5l s\u00e5 hela v\u00e4rdekedjan blir solid och stark. Vi st\u00f6ttar viljan till personlig utveckling och lust att ta ansvar f\u00f6r att du som kund blir n\u00f6jd, d\u00e5 blir det b\u00e5de arbetsgl\u00e4dje och resgl\u00e4dje.<\/span><\/p>\n<p>[\/et_pb_text][\/et_pb_column][\/et_pb_row][et_pb_row _builder_version=&#8221;4.22.2&#8243; _module_preset=&#8221;default&#8221; global_colors_info=&#8221;{}&#8221;][et_pb_column type=&#8221;4_4&#8243; _builder_version=&#8221;4.22.2&#8243; _module_preset=&#8221;default&#8221; global_colors_info=&#8221;{}&#8221;][et_pb_code _builder_version=&#8221;4.22.2&#8243; _module_preset=&#8221;default&#8221; global_colors_info=&#8221;{}&#8221;]<\/p>\n<div class=\"box\"><!-- [et_pb_line_break_holder] -->    <\/p>\n<h4 class=\"rubrik\">L\u00e5t Vincents hj\u00e4lpa dig importera en husbil eller husvagn<\/h4>\n<p><!-- [et_pb_line_break_holder] -->    <pee style=\"padding-bottom: 10px;\">Vincents \u00e4r Sveriges ledande export\u00f6r av begagnade husbilar och husvagnar till EU och vi har alltid ett fordon som passar just dig till salu!<\/pee><!-- [et_pb_line_break_holder] -->    <\/p>\n<div class=\"knapp\"><!-- [et_pb_line_break_holder] -->        <a href=\"\/motorhomes\/\" title=\"husbilar till salu\" class=\"a\">Se v\u00e5ra husbilar till salu<\/a><!-- [et_pb_line_break_holder] -->    <\/div>\n<p><!-- [et_pb_line_break_holder] -->    <\/p>\n<div class=\"knapp\"><!-- [et_pb_line_break_holder] -->        <a href=\"\/caravans\/\" title=\"husvagnar till salu\" class=\"a\">Se v\u00e5ra husvagnar till salu<\/a><!-- [et_pb_line_break_holder] -->    <\/div>\n<p><!-- [et_pb_line_break_holder] --><\/div>\n<p><!-- [et_pb_line_break_holder] --><!-- [et_pb_line_break_holder] --><\/p>\n<style><!-- [et_pb_line_break_holder] -->    .box {<!-- [et_pb_line_break_holder] -->        background-color: #f9f9f9;<!-- [et_pb_line_break_holder] -->        border-radius: 20px;<!-- [et_pb_line_break_holder] -->        display: flex;<!-- [et_pb_line_break_holder] -->        flex-direction: column;<!-- [et_pb_line_break_holder] -->        justify-content: center;<!-- [et_pb_line_break_holder] -->        align-items: center;<!-- [et_pb_line_break_holder] -->        padding: 50px;<!-- [et_pb_line_break_holder] -->        margin: 50px;<!-- [et_pb_line_break_holder] -->    }<!-- [et_pb_line_break_holder] --><!-- [et_pb_line_break_holder] -->    .knapp {<!-- [et_pb_line_break_holder] -->        padding: 10px 15px 10px 15px;<!-- [et_pb_line_break_holder] -->        background-color: #b81a17;<!-- [et_pb_line_break_holder] -->        color: white;<!-- [et_pb_line_break_holder] -->        text-decoration: none;<!-- [et_pb_line_break_holder] -->        margin-top: 10px; \/* L\u00e4gg till lite marginal mellan knapparna *\/<!-- [et_pb_line_break_holder] -->    }<!-- [et_pb_line_break_holder] --><!-- [et_pb_line_break_holder] -->    .a {<!-- [et_pb_line_break_holder] -->        text-decoration: none;<!-- [et_pb_line_break_holder] -->        color: white;<!-- [et_pb_line_break_holder] -->    }<!-- [et_pb_line_break_holder] --><!-- [et_pb_line_break_holder] -->    .a:hover {<!-- [et_pb_line_break_holder] -->        color: white;<!-- [et_pb_line_break_holder] -->    }<!-- [et_pb_line_break_holder] --><!-- [et_pb_line_break_holder] -->    .rubrik {<!-- [et_pb_line_break_holder] -->        font-size: 2em;<!-- [et_pb_line_break_holder] -->        margin-bottom: 10px;<!-- [et_pb_line_break_holder] -->        font-weight: 700;<!-- [et_pb_line_break_holder] -->    }<!-- [et_pb_line_break_holder] --><!-- [et_pb_line_break_holder] -->    @media only screen and (max-width: 600px) {<!-- [et_pb_line_break_holder] -->        .box {<!-- [et_pb_line_break_holder] -->            padding: 10%;<!-- [et_pb_line_break_holder] -->            margin: -5%;<!-- [et_pb_line_break_holder] -->          \ttext-align: center;<!-- [et_pb_line_break_holder] -->        }<!-- [et_pb_line_break_holder] --><!-- [et_pb_line_break_holder] -->        .knapp {<!-- [et_pb_line_break_holder] -->            padding: 8px 12px 8px 12px; \/* Justera knappens padding f\u00f6r mindre sk\u00e4rmar *\/<!-- [et_pb_line_break_holder] -->        }<!-- [et_pb_line_break_holder] -->    }<!-- [et_pb_line_break_holder] --><!-- [et_pb_line_break_holder] -->    @media only screen and (min-width: 601px) and (max-width: 1024px) {<!-- [et_pb_line_break_holder] --><!-- [et_pb_line_break_holder] -->        .box {<!-- [et_pb_line_break_holder] -->            padding: 20px;<!-- [et_pb_line_break_holder] -->            margin: 20px;<!-- [et_pb_line_break_holder] -->          \ttext-align: center;<!-- [et_pb_line_break_holder] -->        }<!-- [et_pb_line_break_holder] --><!-- [et_pb_line_break_holder] -->        .knapp {<!-- [et_pb_line_break_holder] -->            \/* Anpassa stilar f\u00f6r tablet h\u00e4r *\/<!-- [et_pb_line_break_holder] -->        }<!-- [et_pb_line_break_holder] -->    }<!-- [et_pb_line_break_holder] --><\/style>\n<p>[\/et_pb_code][\/et_pb_column][\/et_pb_row][\/et_pb_section]<\/p>\n","protected":false},"excerpt":{"rendered":"<p><nav aria-label=\"breadcrumbs\" class=\"rank-math-breadcrumb\"><p><span class=\"last\">Home<\/span><\/p><\/nav> V\u00e5r historia Vincents Husbil &amp; Husvagn startade tack vare Vincent Schafflers k\u00e4rlek f\u00f6r motorcyklar och entrepren\u00f6rskap. Redan som tio\u00e5ring b\u00f6rjade han sitt f\u00f6retagande genom att anv\u00e4nda en h\u00f6gtryckstv\u00e4tt f\u00f6r att reng\u00f6ra bussh\u00e5llplatser i hemstaden Edmonton, Kanada. Under nittiotalet erbj\u00f6ds han m\u00f6jligheten att studera ekonomi och aff\u00e4rsjuridik som utbytesstudent i Sverige, d\u00e4r han tr\u00e4ffade sin [&hellip;]<\/p>\n","protected":false},"author":1,"featured_media":992139,"parent":0,"menu_order":0,"comment_status":"closed","ping_status":"closed","template":"","meta":{"_et_pb_use_builder":"on","_et_pb_old_content":"","_et_gb_content_width":"","inline_featured_image":false,"footnotes":""},"class_list":["post-999134","page","type-page","status-publish","has-post-thumbnail","hentry"],"acf":[],"_links":{"self":[{"href":"https:\/\/www.vincentseurope.com\/de\/wp-json\/wp\/v2\/pages\/999134","targetHints":{"allow":["GET"]}}],"collection":[{"href":"https:\/\/www.vincentseurope.com\/de\/wp-json\/wp\/v2\/pages"}],"about":[{"href":"https:\/\/www.vincentseurope.com\/de\/wp-json\/wp\/v2\/types\/page"}],"author":[{"embeddable":true,"href":"https:\/\/www.vincentseurope.com\/de\/wp-json\/wp\/v2\/users\/1"}],"replies":[{"embeddable":true,"href":"https:\/\/www.vincentseurope.com\/de\/wp-json\/wp\/v2\/comments?post=999134"}],"version-history":[{"count":7,"href":"https:\/\/www.vincentseurope.com\/de\/wp-json\/wp\/v2\/pages\/999134\/revisions"}],"predecessor-version":[{"id":999143,"href":"https:\/\/www.vincentseurope.com\/de\/wp-json\/wp\/v2\/pages\/999134\/revisions\/999143"}],"wp:featuredmedia":[{"embeddable":true,"href":"https:\/\/www.vincentseurope.com\/de\/wp-json\/wp\/v2\/media\/992139"}],"wp:attachment":[{"href":"https:\/\/www.vincentseurope.com\/de\/wp-json\/wp\/v2\/media?parent=999134"}],"curies":[{"name":"wp","href":"https:\/\/api.w.org\/{rel}","templated":true}]}}