{"id":999014,"date":"2023-11-13T12:40:49","date_gmt":"2023-11-13T12:40:49","guid":{"rendered":"https:\/\/www.vincentseurope.com\/?page_id=999014"},"modified":"2024-12-04T12:44:32","modified_gmt":"2024-12-04T12:44:32","slug":"import-motorhomes-caravans-from-sweden","status":"publish","type":"page","link":"https:\/\/www.vincentseurope.com\/en\/import-motorhomes-caravans-from-sweden\/","title":{"rendered":"Import a motorhome or caravan from Sweden"},"content":{"rendered":"<p>[et_pb_section fb_built=&#8221;1&#8243; custom_padding_last_edited=&#8221;on|phone&#8221; admin_label=&#8221;Sektion&#8221; _builder_version=&#8221;4.22.2&#8243; _module_preset=&#8221;b9712f12-59d5-4356-a9a1-426adddce25b&#8221; background_color=&#8221;#F9F9F9&#8243; custom_padding_tablet=&#8221;&#8221; custom_padding_phone=&#8221;0px||0px||true|false&#8221; global_colors_info=&#8221;{}&#8221;][et_pb_row column_structure=&#8221;1_2,1_2&#8243; _builder_version=&#8221;4.22.2&#8243; _module_preset=&#8221;default&#8221; global_colors_info=&#8221;{}&#8221;][et_pb_column type=&#8221;1_2&#8243; _builder_version=&#8221;4.22.2&#8243; _module_preset=&#8221;default&#8221; global_colors_info=&#8221;{}&#8221;][et_pb_text admin_label=&#8221;Title&#8221; module_id=&#8221;text-module&#8221; _builder_version=&#8221;4.22.2&#8243; _module_preset=&#8221;79219861-bc18-47ed-b223-eaf2fd366c64&#8243; header_text_color=&#8221;#B81A17&#8243; global_colors_info=&#8221;{}&#8221;]<\/p>\n<div id=\"pixiebrix-quickbar-container\"><\/div>\n<p style=\"text-align: left;\"><nav aria-label=\"breadcrumbs\" class=\"rank-math-breadcrumb\"><p><span class=\"last\">Home<\/span><\/p><\/nav><\/p>\n<h1 style=\"text-align: left;\"><strong>Importera en husbil eller husvagn fr\u00e5n Sverige<\/strong><\/h1>\n<p style=\"text-align: left;\"><span>Under de senaste 23 \u00e5ren har Vincents Husbil &amp; Husvagn (RV&#8217;s and Caravan) s\u00e5lt flertalet fordon till Tyskland fr\u00e5n v\u00e5r huvudanl\u00e4ggning i sydv\u00e4stra Sverige. Nu har vi \u00f6ppnat en till anl\u00e4ggning p\u00e5 syd\u00f6stra delen av landet bredvid den popul\u00e4ra camping\u00f6n \u00d6land. Under det g\u00e5gna \u00e5ret har vi sett ett \u00f6kat intresse fr\u00e5n andra EU l\u00e4nder som Nederl\u00e4nderna, Belgien, Frankrike, \u00d6sterrike och Italien. Vi uppskattar att de kommande \u00e5ren kommer bli f\u00f6rdelaktiga f\u00f6r Europeiska kunder att k\u00f6pa svenska husbilar och husvagnar p\u00e5 grund av den svaga svenska kronan mot Euron. Nu \u00e4r ett perfekt tillf\u00e4lle att t\u00e4nka p\u00e5 att importera en husbil eller husvagn fr\u00e5n Sverige, och h\u00e4r hos Vincents kan vi hj\u00e4lpa dig genom hela processen sm\u00e4rtfritt.\u00a0<\/span><\/p>\n<div style=\"all: initial;\">\n<div style=\"position: fixed; z-index: 2147483647; inset: 16px; pointer-events: none; font-family: sans-serif;\"><\/div>\n<\/div>\n<p>[\/et_pb_text][et_pb_code _builder_version=&#8221;4.22.2&#8243; _module_preset=&#8221;default&#8221; global_colors_info=&#8221;{}&#8221;]<\/p>\n<div class=\"boxen\"><!-- [et_pb_line_break_holder] -->  <button class=\"knapp\"><!-- [et_pb_line_break_holder] -->    <a href=\"\/contact\/vincents-varberg\/\">Contact us for more information<\/a><!-- [et_pb_line_break_holder] -->  <\/button><!-- [et_pb_line_break_holder] --><\/div>\n<p>[\/et_pb_code][\/et_pb_column][et_pb_column type=&#8221;1_2&#8243; _builder_version=&#8221;4.22.2&#8243; _module_preset=&#8221;default&#8221; global_colors_info=&#8221;{}&#8221;][et_pb_image src=&#8221;https:\/\/www.vincentseurope.com\/wp-content\/uploads\/2024\/12\/camping-5099382_1280.webp&#8221; alt=&#8221;Importera husbil eller husvagn fr\u00e5n Sverige&#8221; title_text=&#8221;Importera husbil eller husvagn fr\u00e5n Sverige&#8221; _builder_version=&#8221;4.22.2&#8243; _module_preset=&#8221;default&#8221; width=&#8221;100%&#8221; width_tablet=&#8221;60%&#8221; width_phone=&#8221;auto&#8221; width_last_edited=&#8221;on|tablet&#8221; module_alignment=&#8221;center&#8221; custom_margin_tablet=&#8221;20px||||false|false&#8221; custom_margin_phone=&#8221;15px||||false|false&#8221; custom_margin_last_edited=&#8221;on|desktop&#8221; hover_enabled=&#8221;0&#8243; module_alignment_tablet=&#8221;center&#8221; module_alignment_phone=&#8221;center&#8221; module_alignment_last_edited=&#8221;on|tablet&#8221; border_radii=&#8221;off|300px|184px|76px|100px&#8221; global_colors_info=&#8221;{}&#8221; sticky_enabled=&#8221;0&#8243;][\/et_pb_image][et_pb_code disabled_on=&#8221;off|off|off&#8221; _builder_version=&#8221;4.22.2&#8243; _module_preset=&#8221;default&#8221; global_colors_info=&#8221;{}&#8221;]<!-- [et_pb_line_break_holder] --><!-- [et_pb_line_break_holder] --><\/p>\n<style><!-- [et_pb_line_break_holder] -->  .boxen {<!-- [et_pb_line_break_holder] -->    display: flex;<!-- [et_pb_line_break_holder] -->    justify-content: left;<!-- [et_pb_line_break_holder] -->    align-items: left;<!-- [et_pb_line_break_holder] -->    padding-top: 20px;<!-- [et_pb_line_break_holder] -->  }<!-- [et_pb_line_break_holder] --><!-- [et_pb_line_break_holder] -->  .knapp {<!-- [et_pb_line_break_holder] -->    color: white;<!-- [et_pb_line_break_holder] -->    background-color: #b81a17;<!-- [et_pb_line_break_holder] -->    text-decoration: none;<!-- [et_pb_line_break_holder] -->    margin: 5px;<!-- [et_pb_line_break_holder] -->    border: none;<!-- [et_pb_line_break_holder] -->    cursor: pointer;<!-- [et_pb_line_break_holder] -->    padding: 10px 16px; \/* L\u00e4gg till padding f\u00f6r att g\u00f6ra knapparna st\u00f6rre *\/<!-- [et_pb_line_break_holder] -->  }<!-- [et_pb_line_break_holder] --><!-- [et_pb_line_break_holder] -->  .knapp a {<!-- [et_pb_line_break_holder] -->    color: white;<!-- [et_pb_line_break_holder] -->    text-decoration: none;<!-- [et_pb_line_break_holder] -->  }<!-- [et_pb_line_break_holder] --><!-- [et_pb_line_break_holder] -->  \/* Media query f\u00f6r mindre sk\u00e4rmar *\/<!-- [et_pb_line_break_holder] -->  @media (max-width: 768px) {<!-- [et_pb_line_break_holder] -->    .knapp {<!-- [et_pb_line_break_holder] -->      padding: 10px 12px; \/* Anpassa padding f\u00f6r mindre knappar *\/<!-- [et_pb_line_break_holder] -->      font-size: 14px; \/* Justera textstorleken f\u00f6r mindre sk\u00e4rmar *\/<!-- [et_pb_line_break_holder] -->    }<!-- [et_pb_line_break_holder] -->  }<!-- [et_pb_line_break_holder] --><\/style>\n<p><!-- [et_pb_line_break_holder] -->[\/et_pb_code][\/et_pb_column][\/et_pb_row][\/et_pb_section][et_pb_section fb_built=&#8221;1&#8243; _builder_version=&#8221;4.22.2&#8243; _module_preset=&#8221;default&#8221; custom_padding=&#8221;0px||||false|false&#8221; global_colors_info=&#8221;{}&#8221;][et_pb_row column_structure=&#8221;1_2,1_2&#8243; custom_padding_last_edited=&#8221;on|phone&#8221; _builder_version=&#8221;4.22.2&#8243; _module_preset=&#8221;default&#8221; custom_padding=&#8221;50px||50px||false|false&#8221; custom_padding_tablet=&#8221;50px||50px||false|false&#8221; custom_padding_phone=&#8221;0px||||false|false&#8221; global_colors_info=&#8221;{}&#8221;][et_pb_column type=&#8221;1_2&#8243; _builder_version=&#8221;4.22.2&#8243; _module_preset=&#8221;default&#8221; global_colors_info=&#8221;{}&#8221;][et_pb_text _builder_version=&#8221;4.22.2&#8243; _module_preset=&#8221;default&#8221; header_2_text_color=&#8221;#B81A17&#8243; global_colors_info=&#8221;{}&#8221;]<\/p>\n<h2><strong>Hur fungerar importering av husbilar och husvagnar?<\/strong><\/h2>\n<p>[\/et_pb_text][et_pb_text _builder_version=&#8221;4.22.2&#8243; _module_preset=&#8221;default&#8221; global_colors_info=&#8221;{}&#8221;]<\/p>\n<p>Den svaga svenska kronan j\u00e4mf\u00f6rt men euron g\u00f6r det till en f\u00f6rm\u00e5nlig aff\u00e4r f\u00f6r kunder som vill importera begagnade husbilar och husvagnar fr\u00e5n Sverige. Processen \u00e4r ganska enkel. Ta en titt p\u00e5 v\u00e5r omfattande katalog med fritidsfordon och hitta den som passar dig och dina behov b\u00e4st. N\u00e4r du hittat r\u00e4tt fordon, kontakta v\u00e5rt s\u00e4ljteam s\u00e5 kommer de att ge dig all n\u00f6dv\u00e4ndig information som du beh\u00f6ver.\u00a0<\/p>\n<p>[\/et_pb_text][\/et_pb_column][et_pb_column type=&#8221;1_2&#8243; _builder_version=&#8221;4.22.2&#8243; _module_preset=&#8221;default&#8221; global_colors_info=&#8221;{}&#8221;][et_pb_text _builder_version=&#8221;4.22.2&#8243; _module_preset=&#8221;default&#8221; global_colors_info=&#8221;{}&#8221;]<\/p>\n<ol>\n<li>Leta bland v\u00e5ra husbilar eller husvagnar och hitta det fordonet som du gillar b\u00e4st.<\/li>\n<li>Kontakta en av v\u00e5ra duktiga s\u00e4ljare. I varje annons finns ett formul\u00e4r d\u00e4r du kommer i kontakt med en s\u00e4ljare.<\/li>\n<li>Kom till v\u00e5r anl\u00e4ggning i Varberg eller Kalmar-\u00c5lem och h\u00e4mta din nya husbil eller husvagn.<\/li>\n<\/ol>\n<p>[\/et_pb_text][\/et_pb_column][\/et_pb_row][et_pb_row column_structure=&#8221;1_2,1_2&#8243; custom_padding_last_edited=&#8221;on|phone&#8221; _builder_version=&#8221;4.22.2&#8243; _module_preset=&#8221;default&#8221; custom_padding=&#8221;50px||50px||false|false&#8221; custom_padding_tablet=&#8221;50px||50px||false|false&#8221; custom_padding_phone=&#8221;0px||50px||false|false&#8221; global_colors_info=&#8221;{}&#8221;][et_pb_column type=&#8221;1_2&#8243; _builder_version=&#8221;4.22.2&#8243; _module_preset=&#8221;default&#8221; global_colors_info=&#8221;{}&#8221;][\/et_pb_column][et_pb_column type=&#8221;1_2&#8243; _builder_version=&#8221;4.22.2&#8243; _module_preset=&#8221;default&#8221; global_colors_info=&#8221;{}&#8221;][et_pb_text _builder_version=&#8221;4.22.2&#8243; _module_preset=&#8221;default&#8221; header_2_text_color=&#8221;#B81A17&#8243; header_3_text_color=&#8221;#B81A17&#8243; global_colors_info=&#8221;{}&#8221;]<\/p>\n<h3><strong>En prisv\u00e4rd aff\u00e4r har aldrig varit n\u00e4rmre!<\/strong><\/h3>\n<p>[\/et_pb_text][et_pb_text _builder_version=&#8221;4.22.2&#8243; _module_preset=&#8221;default&#8221; global_colors_info=&#8221;{}&#8221;]<\/p>\n<p>Vi ser ett \u00f6kat intresse fr\u00e5n kunder i andra EU-l\u00e4nder som vill k\u00f6pa begagnade husbilar och husvagnar, och det \u00e4r ingen slump. P\u00e5 grund av den svaga svenska kronan har husbilar och husvagnar fr\u00e5n Sverige aldrig varit billigare f\u00f6r andra EU-l\u00e4nder att k\u00f6pa. Det g\u00f6r det till en f\u00f6rm\u00e5nlig aff\u00e4r f\u00f6r kunder som vill importera fordon fr\u00e5n Sverige.<\/p>\n<p>[\/et_pb_text][\/et_pb_column][\/et_pb_row][et_pb_row column_structure=&#8221;1_2,1_2&#8243; custom_padding_last_edited=&#8221;on|phone&#8221; _builder_version=&#8221;4.22.2&#8243; _module_preset=&#8221;default&#8221; custom_padding=&#8221;50px||50px||false|false&#8221; custom_padding_tablet=&#8221;50px||50px||false|false&#8221; custom_padding_phone=&#8221;50px||0px||false|false&#8221; global_colors_info=&#8221;{}&#8221;][et_pb_column type=&#8221;1_2&#8243; _builder_version=&#8221;4.22.2&#8243; _module_preset=&#8221;default&#8221; global_colors_info=&#8221;{}&#8221;][et_pb_text _builder_version=&#8221;4.22.2&#8243; _module_preset=&#8221;default&#8221; header_2_text_color=&#8221;#B81A17&#8243; header_3_text_color=&#8221;#B81A17&#8243; global_colors_info=&#8221;{}&#8221;]<\/p>\n<h3><strong>Fordon byggda f\u00f6r nordiskt klimat<\/strong><\/h3>\n<p>[\/et_pb_text][et_pb_text _builder_version=&#8221;4.22.2&#8243; _module_preset=&#8221;default&#8221; global_colors_info=&#8221;{}&#8221;]<\/p>\n<p>Det kan inte vara en \u00f6verraskning att Skandinvaien \u00e4r k\u00e4nt f\u00f6r sitt kalla klimat och kyliga vindar. Detta har aldrig stoppat oss, det har bara hj\u00e4lpt oss att byga starka och k\u00f6lds\u00e4kra husbilar och husvagnar genom \u00e5ren. Tillverkare som Kabe och Polar har varit nordstj\u00e4rnan i att skapa fritidsfordon anpassade f\u00f6r det kalla och h\u00e5rda nordiska klimatet. Med flera utm\u00e4rkelser till sitt namn och en stark position p\u00e5 den svenska marknaden har de verkligen lyckats.<\/p>\n<p>Dessa fordon \u00e4r inte bara l\u00e4mpad f\u00f6r det nordiska klimatet. De passar ocks\u00e5 bra f\u00f6r m\u00e4nniskor som vill njuta av Alperna eller andra kallare regioner under vinterhalv\u00e5ret. H\u00e4r p\u00e5 Vincents har vi m\u00e5nga vintert\u00e5liga fordon i lager som du kan v\u00e4lja mellan. Om du letar efter ett fordon som t\u00e5l det mesta, d\u00e5 har du kommit till r\u00e4tt plats.<\/p>\n<p>[\/et_pb_text][et_pb_code _builder_version=&#8221;4.22.2&#8243; _module_preset=&#8221;default&#8221; global_colors_info=&#8221;{}&#8221;]<\/p>\n<div class=\"boxen\"><!-- [et_pb_line_break_holder] -->  <button class=\"knapp\"><!-- [et_pb_line_break_holder] -->    <a href=\"\/motorhomes\/\">Importera husbil<\/a><!-- [et_pb_line_break_holder] -->  <\/button><!-- [et_pb_line_break_holder] -->  <button class=\"knapp\"><!-- [et_pb_line_break_holder] -->    <a href=\"\/caravans\/\">Importera husvagn<\/a><!-- [et_pb_line_break_holder] -->  <\/button><!-- [et_pb_line_break_holder] --><\/div>\n<p>[\/et_pb_code][\/et_pb_column][et_pb_column type=&#8221;1_2&#8243; _builder_version=&#8221;4.22.2&#8243; _module_preset=&#8221;default&#8221; global_colors_info=&#8221;{}&#8221;][\/et_pb_column][\/et_pb_row][et_pb_row column_structure=&#8221;1_2,1_2&#8243; _builder_version=&#8221;4.22.2&#8243; _module_preset=&#8221;default&#8221; custom_padding=&#8221;50px||50px||false|false&#8221; global_colors_info=&#8221;{}&#8221;][et_pb_column type=&#8221;1_2&#8243; _builder_version=&#8221;4.22.2&#8243; _module_preset=&#8221;default&#8221; global_colors_info=&#8221;{}&#8221;][et_pb_text _builder_version=&#8221;4.22.2&#8243; _module_preset=&#8221;default&#8221; header_2_text_color=&#8221;#B81A17&#8243; header_3_text_color=&#8221;#B81A17&#8243; global_colors_info=&#8221;{}&#8221;]<\/p>\n<h3><strong>Q&amp;A about importing motorhomes and caravans from Sweden<\/strong><\/h3>\n<p>[\/et_pb_text][et_pb_text _builder_version=&#8221;4.22.2&#8243; _module_preset=&#8221;default&#8221; global_colors_info=&#8221;{}&#8221;]<\/p>\n<ul>\n<li><strong>Varf\u00f6r ska jag k\u00f6pa handla fr\u00e5n Vincents?<br \/><\/strong>Alla fordon som vi s\u00e4ljer genomg\u00e5r gedigna konrtoller f\u00f6r att s\u00e4kerst\u00e4lla att de n\u00e5r til till v\u00e5ra h\u00f6ga krav p\u00e5 kvalit\u00e9 och s\u00e4kerhet.<\/li>\n<li><strong>Hur k\u00f6per jag en husbil eller husvagn fr\u00e5n Sverige?<\/strong><br \/>Kolla in alla de fordon vi har till salu och hitta den som du gillar b\u00e4st. N\u00e4r du har hittat fordonet du gillar kontakta d\u00e5 v\u00e5ra s\u00e4ljare genom formul\u00e4ren som finns l\u00e4ngst ner p\u00e5 varje annons s\u00e5 hj\u00e4lper dem er med processen.<\/li>\n<li><strong>Vart kan jag h\u00e4mta mitt fordon?<\/strong><br \/>Du kan h\u00e4mta ditt nyink\u00f6pta fordon p\u00e5 n\u00e5gon av v\u00e5ra anl\u00e4ggningar i Varberg p\u00e5 v\u00e4stkusten och Kalmar-\u00c5lem p\u00e5 \u00f6stkusten.\u00a0<\/li>\n<\/ul>\n<p>[\/et_pb_text][\/et_pb_column][et_pb_column type=&#8221;1_2&#8243; _builder_version=&#8221;4.22.2&#8243; _module_preset=&#8221;default&#8221; global_colors_info=&#8221;{}&#8221;][et_pb_text _builder_version=&#8221;4.22.2&#8243; _module_preset=&#8221;default&#8221; background_color=&#8221;#F9F9F9&#8243; custom_padding=&#8221;20px|50px|20px|50px|false|false&#8221; border_radii=&#8221;on|20px|20px|20px|20px&#8221; global_colors_info=&#8221;{}&#8221;]<\/p>\n<h4><strong>Har du en fr\u00e5ga?<\/strong><\/h4>\n<p>Eller undrar du bara \u00f6ver n\u00e5got? Kontakta g\u00e4rna oss p\u00e5 <span style=\"text-decoration: underline;\"><a href=\"mailto:salj@vincents.se\">salj@vincents.se<\/a><\/span> s\u00e5 kommer vi \u00e5terkoppla till er s\u00e5 fort som m\u00f6jligt.<\/p>\n<p>[\/et_pb_text][\/et_pb_column][\/et_pb_row][\/et_pb_section]<\/p>\n","protected":false},"excerpt":{"rendered":"<p><nav aria-label=\"breadcrumbs\" class=\"rank-math-breadcrumb\"><p><span class=\"last\">Home<\/span><\/p><\/nav> Importera en husbil eller husvagn fr\u00e5n Sverige Under de senaste 23 \u00e5ren har Vincents Husbil &amp; Husvagn (RV&#8217;s and Caravan) s\u00e5lt flertalet fordon till Tyskland fr\u00e5n v\u00e5r huvudanl\u00e4ggning i sydv\u00e4stra Sverige. Nu har vi \u00f6ppnat en till anl\u00e4ggning p\u00e5 syd\u00f6stra delen av landet bredvid den popul\u00e4ra camping\u00f6n \u00d6land. Under det g\u00e5gna \u00e5ret har vi [&hellip;]<\/p>\n","protected":false},"author":5,"featured_media":0,"parent":0,"menu_order":0,"comment_status":"closed","ping_status":"closed","template":"","meta":{"_et_pb_use_builder":"on","_et_pb_old_content":"","_et_gb_content_width":"","inline_featured_image":false,"footnotes":""},"class_list":["post-999014","page","type-page","status-publish","hentry"],"acf":[],"_links":{"self":[{"href":"https:\/\/www.vincentseurope.com\/en\/wp-json\/wp\/v2\/pages\/999014","targetHints":{"allow":["GET"]}}],"collection":[{"href":"https:\/\/www.vincentseurope.com\/en\/wp-json\/wp\/v2\/pages"}],"about":[{"href":"https:\/\/www.vincentseurope.com\/en\/wp-json\/wp\/v2\/types\/page"}],"author":[{"embeddable":true,"href":"https:\/\/www.vincentseurope.com\/en\/wp-json\/wp\/v2\/users\/5"}],"replies":[{"embeddable":true,"href":"https:\/\/www.vincentseurope.com\/en\/wp-json\/wp\/v2\/comments?post=999014"}],"version-history":[{"count":8,"href":"https:\/\/www.vincentseurope.com\/en\/wp-json\/wp\/v2\/pages\/999014\/revisions"}],"predecessor-version":[{"id":1022107,"href":"https:\/\/www.vincentseurope.com\/en\/wp-json\/wp\/v2\/pages\/999014\/revisions\/1022107"}],"wp:attachment":[{"href":"https:\/\/www.vincentseurope.com\/en\/wp-json\/wp\/v2\/media?parent=999014"}],"curies":[{"name":"wp","href":"https:\/\/api.w.org\/{rel}","templated":true}]}}