{"id":1042607,"date":"2026-04-19T10:36:02","date_gmt":"2026-04-19T10:36:02","guid":{"rendered":"https:\/\/www.vincentseurope.com\/product\/weinsberg-cara-one-390-qd-edition-hot-skinnkladsel-el-golv-2025-2\/"},"modified":"2026-04-19T10:39:15","modified_gmt":"2026-04-19T10:39:15","slug":"weinsberg-cara-one-390-qd-edition-hot-skinnkladsel-el-golv-2025-2","status":"publish","type":"product","link":"https:\/\/www.vincentseurope.com\/fi\/product\/weinsberg-cara-one-390-qd-edition-hot-skinnkladsel-el-golv-2025-2\/","title":{"rendered":"Weinsberg-Cara One 390 QD Edition Hot *Nahkaverhoilu *S\u00e4hk\u00f6inen lattians\u00e4\u00e4t\u00f6-(2025)"},"content":{"rendered":"","protected":false},"excerpt":{"rendered":"","protected":false},"featured_media":1042608,"comment_status":"closed","ping_status":"closed","template":"","meta":{"_et_pb_use_builder":"","_et_pb_old_content":"","_et_gb_content_width":"","inline_featured_image":false},"marketing":[],"product_brand":[],"product_cat":[82,210,103,45,44,80,54,112,74,146,52,59,75,56,46,50,42,201],"product_tag":[],"class_list":{"0":"post-1042607","1":"product","2":"type-product","3":"status-publish","4":"has-post-thumbnail","6":"product_cat-1200-1400-kg","7":"product_cat-210","8":"product_cat-250-000kr-500-000kr","9":"product_cat-4-baddar","10":"product_cat-antal-baddar","11":"product_cat-dubbelbadd","12":"product_cat-fordonstyp","13":"product_cat-husvagn-till-salu","14":"product_cat-husvagnar","15":"product_cat-kalmar-alem","16":"product_cat-karosstyp","17":"product_cat-location","18":"product_cat-ovrigt","19":"product_cat-planlosning","20":"product_cat-priser","21":"product_cat-varumarken","22":"product_cat-vikt","23":"product_cat-weinsberg","24":"pa_antal-baddar-4-baddar","25":"pa_langd-5m-7m","26":"pa_location-kalmar-alem","27":"pa_planlosning-dubbelbadd","28":"pa_pris-250-000kr-500-000kr","29":"pa_vikt-1200-1400-kg","31":"first","32":"instock","33":"product-type-simple"},"acf":[],"_links":{"self":[{"href":"https:\/\/www.vincentseurope.com\/fi\/wp-json\/wp\/v2\/product\/1042607","targetHints":{"allow":["GET"]}}],"collection":[{"href":"https:\/\/www.vincentseurope.com\/fi\/wp-json\/wp\/v2\/product"}],"about":[{"href":"https:\/\/www.vincentseurope.com\/fi\/wp-json\/wp\/v2\/types\/product"}],"replies":[{"embeddable":true,"href":"https:\/\/www.vincentseurope.com\/fi\/wp-json\/wp\/v2\/comments?post=1042607"}],"wp:featuredmedia":[{"embeddable":true,"href":"https:\/\/www.vincentseurope.com\/fi\/wp-json\/wp\/v2\/media\/1042608"}],"wp:attachment":[{"href":"https:\/\/www.vincentseurope.com\/fi\/wp-json\/wp\/v2\/media?parent=1042607"}],"wp:term":[{"taxonomy":"marketing","embeddable":true,"href":"https:\/\/www.vincentseurope.com\/fi\/wp-json\/wp\/v2\/marketing?post=1042607"},{"taxonomy":"product_brand","embeddable":true,"href":"https:\/\/www.vincentseurope.com\/fi\/wp-json\/wp\/v2\/product_brand?post=1042607"},{"taxonomy":"product_cat","embeddable":true,"href":"https:\/\/www.vincentseurope.com\/fi\/wp-json\/wp\/v2\/product_cat?post=1042607"},{"taxonomy":"product_tag","embeddable":true,"href":"https:\/\/www.vincentseurope.com\/fi\/wp-json\/wp\/v2\/product_tag?post=1042607"}],"curies":[{"name":"wp","href":"https:\/\/api.w.org\/{rel}","templated":true}]}}